  {"id":8625,"date":"2024-06-10T09:56:29","date_gmt":"2024-06-10T07:56:29","guid":{"rendered":"https:\/\/wmfi.uni.opole.pl\/contact\/"},"modified":"2024-12-20T19:42:26","modified_gmt":"2024-12-20T18:42:26","slug":"contact","status":"publish","type":"page","link":"https:\/\/wmfi.uni.opole.pl\/en\/contact\/","title":{"rendered":"Contact"},"content":{"rendered":"\t\t<div data-elementor-type=\"wp-page\" data-elementor-id=\"8625\" class=\"elementor elementor-8625 elementor-6833\" data-elementor-post-type=\"page\">\n\t\t\t\t<div class=\"elementor-element elementor-element-5def0c56 e-flex e-con-boxed e-con e-parent\" data-id=\"5def0c56\" data-element_type=\"container\" data-e-type=\"container\" data-settings=\"{&quot;jet_parallax_layout_list&quot;:[]}\">\n\t\t\t\t\t<div class=\"e-con-inner\">\n\t\t\t\t<div class=\"elementor-element elementor-element-a68dd94 elementor-widget elementor-widget-heading\" data-id=\"a68dd94\" data-element_type=\"widget\" data-e-type=\"widget\" data-widget_type=\"heading.default\">\n\t\t\t\t<div class=\"elementor-widget-container\">\n\t\t\t\t\t<h1 class=\"elementor-heading-title elementor-size-default\">Contact<\/h1>\t\t\t\t<\/div>\n\t\t\t\t<\/div>\n\t\t\t\t\t<\/div>\n\t\t\t\t<\/div>\n\t\t<div class=\"elementor-element elementor-element-88b5d7d e-flex e-con-boxed e-con e-parent\" data-id=\"88b5d7d\" data-element_type=\"container\" data-e-type=\"container\" data-settings=\"{&quot;jet_parallax_layout_list&quot;:[]}\">\n\t\t\t\t\t<div class=\"e-con-inner\">\n\t\t<div class=\"elementor-element elementor-element-7c07553 e-con-full e-flex e-con e-child\" data-id=\"7c07553\" data-element_type=\"container\" data-e-type=\"container\" data-settings=\"{&quot;jet_parallax_layout_list&quot;:[]}\">\n\t\t\t\t<div class=\"elementor-element elementor-element-0d874e8 elementor-widget elementor-widget-text-editor\" data-id=\"0d874e8\" data-element_type=\"widget\" data-e-type=\"widget\" data-widget_type=\"text-editor.default\">\n\t\t\t\t<div class=\"elementor-widget-container\">\n\t\t\t\t\t\t\t\t\t<p><strong>Address:<\/strong><\/p>\n\t\t\t\t\t\t\t\t<\/div>\n\t\t\t\t<\/div>\n\t\t\t\t<div class=\"elementor-element elementor-element-16ed875 elementor-widget elementor-widget-text-editor\" data-id=\"16ed875\" data-element_type=\"widget\" data-e-type=\"widget\" data-widget_type=\"text-editor.default\">\n\t\t\t\t<div class=\"elementor-widget-container\">\n\t\t\t\t\t\t\t\t\t<p>Department of Mathematics, Physics and Computer Science<\/p>\n<p>48 Oleska St.<br \/>\n45-052 Opole, Poland<\/p>\n\t\t\t\t\t\t\t\t<\/div>\n\t\t\t\t<\/div>\n\t\t\t\t<div class=\"elementor-element elementor-element-0e2c12b elementor-widget elementor-widget-text-editor\" data-id=\"0e2c12b\" data-element_type=\"widget\" data-e-type=\"widget\" data-widget_type=\"text-editor.default\">\n\t\t\t\t<div class=\"elementor-widget-container\">\n\t\t\t\t\t\t\t\t\t<p><strong>Serving students:<\/strong><\/p>\n\t\t\t\t\t\t\t\t<\/div>\n\t\t\t\t<\/div>\n\t\t\t\t<div class=\"elementor-element elementor-element-7627043 elementor-widget elementor-widget-text-editor\" data-id=\"7627043\" data-element_type=\"widget\" data-e-type=\"widget\" data-widget_type=\"text-editor.default\">\n\t\t\t\t<div class=\"elementor-widget-container\">\n\t\t\t\t\t\t\t\t\t<p>Student services are handled by the <a href=\"https:\/\/wmfi.uni.opole.pl\/en\/deans-office\/\">Dean&#8217;s Office<\/a>.<\/p>\n\t\t\t\t\t\t\t\t<\/div>\n\t\t\t\t<\/div>\n\t\t\t\t<div class=\"elementor-element elementor-element-c5e52c0 elementor-hidden-mobile elementor-widget elementor-widget-text-editor\" data-id=\"c5e52c0\" data-element_type=\"widget\" data-e-type=\"widget\" data-widget_type=\"text-editor.default\">\n\t\t\t\t<div class=\"elementor-widget-container\">\n\t\t\t\t\t\t\t\t\t<p><strong>Secretary&#8217;s Office:<\/strong><\/p>\n\t\t\t\t\t\t\t\t<\/div>\n\t\t\t\t<\/div>\n\t\t\t\t<div class=\"elementor-element elementor-element-5da4710 elementor-widget elementor-widget-text-editor\" data-id=\"5da4710\" data-element_type=\"widget\" data-e-type=\"widget\" data-widget_type=\"text-editor.default\">\n\t\t\t\t<div class=\"elementor-widget-container\">\n\t\t\t\t\t\t\t\t\t<p><img decoding=\"async\" class=\"alignnone wp-image-4924\" src=\"https:\/\/instytut-dev.uni.opole.pl\/wp-content\/uploads\/sites\/7\/icon-phone.svg\" alt=\"\" width=\"16\" height=\"16\" \/>\u00a0 +48 77 452 72 00<br \/><img decoding=\"async\" class=\"alignnone wp-image-4922\" src=\"https:\/\/instytut-dev.uni.opole.pl\/wp-content\/uploads\/sites\/7\/icon-email.svg\" alt=\"\" width=\"16\" height=\"11\" \/>\u00a0 <a href=\"mailto:wmfi@uni.opole.pl\">wmfi@uni.opole.pl<\/a><\/p>\n\t\t\t\t\t\t\t\t<\/div>\n\t\t\t\t<\/div>\n\t\t\t\t<div class=\"elementor-element elementor-element-8fbea7e elementor-hidden-desktop elementor-hidden-tablet elementor-hidden-mobile elementor-widget elementor-widget-text-editor\" data-id=\"8fbea7e\" data-element_type=\"widget\" data-e-type=\"widget\" data-widget_type=\"text-editor.default\">\n\t\t\t\t<div class=\"elementor-widget-container\">\n\t\t\t\t\t\t\t\t\t<p><strong>tytu\u0142 imi\u0119 nazwisko<\/strong><br \/><img decoding=\"async\" class=\"alignnone wp-image-4924\" src=\"https:\/\/instytut-dev.uni.opole.pl\/wp-content\/uploads\/sites\/7\/icon-phone.svg\" alt=\"\" width=\"16\" height=\"16\" \/>\u00a0 +48 77 541 00 00<br \/><img decoding=\"async\" class=\"alignnone wp-image-4922\" src=\"https:\/\/instytut-dev.uni.opole.pl\/wp-content\/uploads\/sites\/7\/icon-email.svg\" alt=\"\" width=\"16\" height=\"11\" \/>\u00a0 <a href=\"mailto:imie.nazwisko@uni.opole.pl\">imie.nazwisko@uni.opole.pl<\/a><br \/><img decoding=\"async\" class=\"alignnone wp-image-5824\" style=\"vertical-align: bottom\" src=\"https:\/\/instytut-dev.uni.opole.pl\/wp-content\/uploads\/sites\/7\/icon-door.svg\" alt=\"\" width=\"12\" height=\"18\" \/> \u00a0 pok\u00f3j: 13<\/p>\n\t\t\t\t\t\t\t\t<\/div>\n\t\t\t\t<\/div>\n\t\t\t\t<div class=\"elementor-element elementor-element-a9f84d1 elementor-hidden-desktop elementor-hidden-tablet elementor-hidden-mobile elementor-widget elementor-widget-text-editor\" data-id=\"a9f84d1\" data-element_type=\"widget\" data-e-type=\"widget\" data-widget_type=\"text-editor.default\">\n\t\t\t\t<div class=\"elementor-widget-container\">\n\t\t\t\t\t\t\t\t\t<p>Sekretariat czynny:<br \/>poniedzia\u0142ek &#8211; pi\u0105tek, 7:30 &#8211; 15:30<\/p>\n\t\t\t\t\t\t\t\t<\/div>\n\t\t\t\t<\/div>\n\t\t\t\t<div class=\"elementor-element elementor-element-0c4ad2f elementor-hidden-desktop elementor-hidden-tablet elementor-hidden-mobile elementor-widget elementor-widget-text-editor\" data-id=\"0c4ad2f\" data-element_type=\"widget\" data-e-type=\"widget\" data-widget_type=\"text-editor.default\">\n\t\t\t\t<div class=\"elementor-widget-container\">\n\t\t\t\t\t\t\t\t\t<p><strong>Department office:<\/strong><\/p>\n\t\t\t\t\t\t\t\t<\/div>\n\t\t\t\t<\/div>\n\t\t\t\t<div class=\"elementor-element elementor-element-7232387 elementor-hidden-desktop elementor-hidden-tablet elementor-hidden-mobile elementor-widget elementor-widget-text-editor\" data-id=\"7232387\" data-element_type=\"widget\" data-e-type=\"widget\" data-widget_type=\"text-editor.default\">\n\t\t\t\t<div class=\"elementor-widget-container\">\n\t\t\t\t\t\t\t\t\t<p>Go to page <a href=\"https:\/\/wmfi-dev.uni.opole.pl\/biuro-wydzialu\/\">Department office<\/a>.<\/p>\n\t\t\t\t\t\t\t\t<\/div>\n\t\t\t\t<\/div>\n\t\t\t\t<\/div>\n\t\t<div class=\"elementor-element elementor-element-e79a703 e-con-full e-flex e-con e-child\" data-id=\"e79a703\" data-element_type=\"container\" data-e-type=\"container\" data-settings=\"{&quot;jet_parallax_layout_list&quot;:[]}\">\n\t\t\t\t<div class=\"elementor-element elementor-element-ba6d08e elementor-button-align-stretch elementor-widget elementor-widget-form\" data-id=\"ba6d08e\" data-element_type=\"widget\" data-e-type=\"widget\" data-settings=\"{&quot;step_next_label&quot;:&quot;Next&quot;,&quot;step_previous_label&quot;:&quot;Previous&quot;,&quot;button_width&quot;:&quot;100&quot;,&quot;step_type&quot;:&quot;number_text&quot;,&quot;step_icon_shape&quot;:&quot;circle&quot;}\" data-widget_type=\"form.default\">\n\t\t\t\t<div class=\"elementor-widget-container\">\n\t\t\t\t\t\t\t<form class=\"elementor-form\" method=\"post\" name=\"Contact form\" aria-label=\"Contact form\">\n\t\t\t<input type=\"hidden\" name=\"post_id\" value=\"8625\"\/>\n\t\t\t<input type=\"hidden\" name=\"form_id\" value=\"ba6d08e\"\/>\n\t\t\t<input type=\"hidden\" name=\"referer_title\" value=\"\" \/>\n\n\t\t\t\n\t\t\t<div class=\"elementor-form-fields-wrapper elementor-labels-\">\n\t\t\t\t\t\t\t\t<div class=\"elementor-field-type-text elementor-field-group elementor-column elementor-field-group-name elementor-col-100 elementor-field-required\">\n\t\t\t\t\t\t\t\t\t\t\t\t<label for=\"form-field-name\" class=\"elementor-field-label elementor-screen-only\">\n\t\t\t\t\t\t\t\tName\t\t\t\t\t\t\t<\/label>\n\t\t\t\t\t\t\t\t\t\t\t\t\t\t<input size=\"1\" type=\"text\" name=\"form_fields[name]\" id=\"form-field-name\" class=\"elementor-field elementor-size-sm  elementor-field-textual\" placeholder=\"Name\" required=\"required\">\n\t\t\t\t\t\t\t\t\t\t\t<\/div>\n\t\t\t\t\t\t\t\t<div class=\"elementor-field-type-email elementor-field-group elementor-column elementor-field-group-email elementor-col-100 elementor-field-required\">\n\t\t\t\t\t\t\t\t\t\t\t\t<label for=\"form-field-email\" class=\"elementor-field-label elementor-screen-only\">\n\t\t\t\t\t\t\t\tE-mail\t\t\t\t\t\t\t<\/label>\n\t\t\t\t\t\t\t\t\t\t\t\t\t\t<input size=\"1\" type=\"email\" name=\"form_fields[email]\" id=\"form-field-email\" class=\"elementor-field elementor-size-sm  elementor-field-textual\" placeholder=\"E-mail\" required=\"required\">\n\t\t\t\t\t\t\t\t\t\t\t<\/div>\n\t\t\t\t\t\t\t\t<div class=\"elementor-field-type-textarea elementor-field-group elementor-column elementor-field-group-message elementor-col-100 elementor-field-required\">\n\t\t\t\t\t\t\t\t\t\t\t\t<label for=\"form-field-message\" class=\"elementor-field-label elementor-screen-only\">\n\t\t\t\t\t\t\t\tMessage\t\t\t\t\t\t\t<\/label>\n\t\t\t\t\t\t<textarea class=\"elementor-field-textual elementor-field  elementor-size-sm\" name=\"form_fields[message]\" id=\"form-field-message\" rows=\"10\" placeholder=\"Message\" required=\"required\"><\/textarea>\t\t\t\t<\/div>\n\t\t\t\t\t\t\t\t<div class=\"elementor-field-type-recaptcha_v3 elementor-field-group elementor-column elementor-field-group-field_af3e708 elementor-col-100 recaptcha_v3-bottomright\">\n\t\t\t\t\t<div class=\"elementor-field\" id=\"form-field-field_af3e708\"><div class=\"elementor-g-recaptcha\" data-sitekey=\"6LemeHwqAAAAABk5aejZ-qXegPZf0j59rUmRJ8Px\" data-type=\"v3\" data-action=\"Form\" data-badge=\"bottomright\" data-size=\"invisible\"><\/div><\/div>\t\t\t\t<\/div>\n\t\t\t\t\t\t\t\t<div class=\"elementor-field-group elementor-column elementor-field-type-submit elementor-col-100 e-form__buttons\">\n\t\t\t\t\t<button class=\"elementor-button elementor-size-sm\" type=\"submit\">\n\t\t\t\t\t\t<span class=\"elementor-button-content-wrapper\">\n\t\t\t\t\t\t\t\t\t\t\t\t\t\t\t\t\t\t\t\t\t\t<span class=\"elementor-button-text\">Send<\/span>\n\t\t\t\t\t\t\t\t\t\t\t\t\t<\/span>\n\t\t\t\t\t<\/button>\n\t\t\t\t<\/div>\n\t\t\t<\/div>\n\t\t<\/form>\n\t\t\t\t\t\t<\/div>\n\t\t\t\t<\/div>\n\t\t\t\t<\/div>\n\t\t\t\t\t<\/div>\n\t\t\t\t<\/div>\n\t\t\t\t<\/div>\n\t\t","protected":false},"excerpt":{"rendered":"<p>Contact Address: Department of Mathematics, Physics and Computer Science 48 Oleska St. 45-052 Opole, Poland Serving students: Student services are handled by the Dean&#8217;s Office. Secretary&#8217;s Office: \u00a0 +48 77 452 72 00\u00a0 wmfi@uni.opole.pl tytu\u0142 imi\u0119 nazwisko\u00a0 +48 77 541 00 00\u00a0 imie.nazwisko@uni.opole.pl \u00a0 pok\u00f3j: 13 Sekretariat czynny:poniedzia\u0142ek &#8211; pi\u0105tek, 7:30 &#8211; 15:30 Department office: [&hellip;]<\/p>\n","protected":false},"author":5,"featured_media":0,"parent":0,"menu_order":0,"comment_status":"closed","ping_status":"closed","template":"","meta":{"footnotes":""},"class_list":["post-8625","page","type-page","status-publish","hentry"],"_links":{"self":[{"href":"https:\/\/wmfi.uni.opole.pl\/en\/wp-json\/wp\/v2\/pages\/8625","targetHints":{"allow":["GET"]}}],"collection":[{"href":"https:\/\/wmfi.uni.opole.pl\/en\/wp-json\/wp\/v2\/pages"}],"about":[{"href":"https:\/\/wmfi.uni.opole.pl\/en\/wp-json\/wp\/v2\/types\/page"}],"author":[{"embeddable":true,"href":"https:\/\/wmfi.uni.opole.pl\/en\/wp-json\/wp\/v2\/users\/5"}],"replies":[{"embeddable":true,"href":"https:\/\/wmfi.uni.opole.pl\/en\/wp-json\/wp\/v2\/comments?post=8625"}],"version-history":[{"count":3,"href":"https:\/\/wmfi.uni.opole.pl\/en\/wp-json\/wp\/v2\/pages\/8625\/revisions"}],"predecessor-version":[{"id":8628,"href":"https:\/\/wmfi.uni.opole.pl\/en\/wp-json\/wp\/v2\/pages\/8625\/revisions\/8628"}],"wp:attachment":[{"href":"https:\/\/wmfi.uni.opole.pl\/en\/wp-json\/wp\/v2\/media?parent=8625"}],"curies":[{"name":"wp","href":"https:\/\/api.w.org\/{rel}","templated":true}]}}