  {"id":8601,"date":"2024-09-05T11:18:48","date_gmt":"2024-09-05T09:18:48","guid":{"rendered":"https:\/\/wmfi.uni.opole.pl\/graduation-process\/"},"modified":"2024-12-20T14:29:42","modified_gmt":"2024-12-20T13:29:42","slug":"graduation-process","status":"publish","type":"page","link":"https:\/\/wmfi.uni.opole.pl\/en\/graduation-procedure\/","title":{"rendered":"Graduation procedure"},"content":{"rendered":"\t\t<div data-elementor-type=\"wp-page\" data-elementor-id=\"8601\" class=\"elementor elementor-8601 elementor-7407\" data-elementor-post-type=\"page\">\n\t\t\t\t<div class=\"elementor-element elementor-element-756bb56d e-flex e-con-boxed e-con e-parent\" data-id=\"756bb56d\" data-element_type=\"container\" data-e-type=\"container\" data-settings=\"{&quot;jet_parallax_layout_list&quot;:[]}\">\n\t\t\t\t\t<div class=\"e-con-inner\">\n\t\t\t\t<div class=\"elementor-element elementor-element-41b8f9ec elementor-widget elementor-widget-heading\" data-id=\"41b8f9ec\" data-element_type=\"widget\" data-e-type=\"widget\" data-widget_type=\"heading.default\">\n\t\t\t\t<div class=\"elementor-widget-container\">\n\t\t\t\t\t<h1 class=\"elementor-heading-title elementor-size-default\">Graduation procedure<\/h1>\t\t\t\t<\/div>\n\t\t\t\t<\/div>\n\t\t<div class=\"elementor-element elementor-element-1194ca9 e-con-full e-flex e-con e-child\" data-id=\"1194ca9\" data-element_type=\"container\" data-e-type=\"container\" data-settings=\"{&quot;jet_parallax_layout_list&quot;:[]}\">\n\t\t<div class=\"elementor-element elementor-element-7fa6c81 e-flex e-con-boxed e-con e-child\" data-id=\"7fa6c81\" data-element_type=\"container\" data-e-type=\"container\" data-settings=\"{&quot;jet_parallax_layout_list&quot;:[]}\">\n\t\t\t\t\t<div class=\"e-con-inner\">\n\t\t\t\t\t<\/div>\n\t\t\t\t<\/div>\n\t\t\t\t<\/div>\n\t\t<div class=\"elementor-element elementor-element-e0b3c22 e-con-full e-flex e-con e-child\" data-id=\"e0b3c22\" data-element_type=\"container\" data-e-type=\"container\" data-settings=\"{&quot;jet_parallax_layout_list&quot;:[]}\">\n\t\t\t\t<\/div>\n\t\t<div class=\"elementor-element elementor-element-780e141 e-con-full e-flex e-con e-child\" data-id=\"780e141\" data-element_type=\"container\" data-e-type=\"container\" data-settings=\"{&quot;jet_parallax_layout_list&quot;:[]}\">\n\t\t\t\t<div class=\"elementor-element elementor-element-666b771 elementor-widget elementor-widget-heading\" data-id=\"666b771\" data-element_type=\"widget\" data-e-type=\"widget\" data-widget_type=\"heading.default\">\n\t\t\t\t<div class=\"elementor-widget-container\">\n\t\t\t\t\t<p class=\"elementor-heading-title elementor-size-default\">General information<\/p>\t\t\t\t<\/div>\n\t\t\t\t<\/div>\n\t\t\t\t<\/div>\n\t\t<div class=\"elementor-element elementor-element-3e910eb e-con-full e-flex e-con e-child\" data-id=\"3e910eb\" data-element_type=\"container\" data-e-type=\"container\" data-settings=\"{&quot;jet_parallax_layout_list&quot;:[]}\">\n\t\t<div class=\"elementor-element elementor-element-f704579 e-flex e-con-boxed e-con e-child\" data-id=\"f704579\" data-element_type=\"container\" data-e-type=\"container\" data-settings=\"{&quot;jet_parallax_layout_list&quot;:[]}\">\n\t\t\t\t\t<div class=\"e-con-inner\">\n\t\t\t\t<div class=\"elementor-element elementor-element-970fceb elementor-widget elementor-widget-text-editor\" data-id=\"970fceb\" data-element_type=\"widget\" data-e-type=\"widget\" data-widget_type=\"text-editor.default\">\n\t\t\t\t<div class=\"elementor-widget-container\">\n\t\t\t\t\t\t\t\t\t<p>The student prepares the thesis under the guidance of a promoter of his\/her choice.<\/p>\n<p>The promoter of the diploma thesis is chosen by the student from among those proposed by the course coordinator, within the limit set for a specific academic teacher.<\/p>\n<p>The promoter of the diploma thesis may be an academic teacher with at least a doctoral degree.<\/p>\n<p>The topic of the diploma thesis is determined by the promoter with the student.<\/p>\n<p>The final topic of the diploma thesis shall be determined by the promoter with the student no later than the end of the first week of the last semester of study. The promoter shall provide the Dean&#8217;s Office with an electronic list of students containing the final topics of the diploma thesis in Polish and English by the end of the second week of the last semester of study.<\/p>\n<p>The Promoter supervises the preparation of the diploma thesis by the student and is responsible for its progress and final results. In justified cases, the independent researcher in charge of the thesis, with the approval of the dean, may appoint, from among the assistant professors, a supervisor.<\/p>\n<p>The student, under the supervision of the thesis supervisor, prepares the thesis in the semesters stipulated in the study plan. At each stage of the thesis preparation, the thesis supervisor may check any part of the thesis in the OSA anti-plagiarism system by logging into the osa.uni.opole.pl system using the UO e-mail address and password.<\/p>\n<p>The student is obliged to submit the diploma thesis and pass the diploma exam, if provided for in the program of study, no later than the end of September of the final year of study, and in the case of a course of study lasting 3.5 years &#8211; no later than the end of the winter correction session.<\/p>\n\t\t\t\t\t\t\t\t<\/div>\n\t\t\t\t<\/div>\n\t\t\t\t\t<\/div>\n\t\t\t\t<\/div>\n\t\t\t\t<\/div>\n\t\t<div class=\"elementor-element elementor-element-1cf7c9f e-con-full e-flex e-con e-child\" data-id=\"1cf7c9f\" data-element_type=\"container\" data-e-type=\"container\" data-settings=\"{&quot;jet_parallax_layout_list&quot;:[]}\">\n\t\t\t\t<div class=\"elementor-element elementor-element-8668f9e elementor-widget elementor-widget-heading\" data-id=\"8668f9e\" data-element_type=\"widget\" data-e-type=\"widget\" data-widget_type=\"heading.default\">\n\t\t\t\t<div class=\"elementor-widget-container\">\n\t\t\t\t\t<p class=\"elementor-heading-title elementor-size-default\">Formal requirements of the work<\/p>\t\t\t\t<\/div>\n\t\t\t\t<\/div>\n\t\t\t\t<\/div>\n\t\t<div class=\"elementor-element elementor-element-4f315cf e-con-full e-flex e-con e-child\" data-id=\"4f315cf\" data-element_type=\"container\" data-e-type=\"container\" data-settings=\"{&quot;jet_parallax_layout_list&quot;:[]}\">\n\t\t<div class=\"elementor-element elementor-element-d028c2f e-flex e-con-boxed e-con e-child\" data-id=\"d028c2f\" data-element_type=\"container\" data-e-type=\"container\" data-settings=\"{&quot;jet_parallax_layout_list&quot;:[]}\">\n\t\t\t\t\t<div class=\"e-con-inner\">\n\t\t\t\t<div class=\"elementor-element elementor-element-35ca9f5 elementor-widget elementor-widget-text-editor\" data-id=\"35ca9f5\" data-element_type=\"widget\" data-e-type=\"widget\" data-widget_type=\"text-editor.default\">\n\t\t\t\t<div class=\"elementor-widget-container\">\n\t\t\t\t\t\t\t\t\t<p>The diploma thesis must include an abstract in the original language and English (as well as in Polish, if the original language is different from Polish) and keywords in the original language and English (as well as in Polish, if the original language is different from Polish).<\/p>\n<p>The diploma thesis may, with the promoter&#8217;s approval, be written in a foreign language.<\/p>\n<p>Detailed technical requirements for the diploma thesis and for the content of the relevant statements submitted by the student regarding the diploma thesis are contained in paragraphs 3, 4, 5 and 6 of Order No. 81\/2021 of the Rector of the University of Opole dated May 17, 2021 on the rules for the preparation and archiving of diploma theses at the University of Opole and in Annexes 1, 2, 3 and 4 to the said Order.<\/p>\n\t\t\t\t\t\t\t\t<\/div>\n\t\t\t\t<\/div>\n\t\t\t\t\t<\/div>\n\t\t\t\t<\/div>\n\t\t\t\t<\/div>\n\t\t<div class=\"elementor-element elementor-element-90cc743 e-con-full e-flex e-con e-child\" data-id=\"90cc743\" data-element_type=\"container\" data-e-type=\"container\" data-settings=\"{&quot;jet_parallax_layout_list&quot;:[]}\">\n\t\t\t\t<div class=\"elementor-element elementor-element-eed5141 elementor-widget elementor-widget-heading\" data-id=\"eed5141\" data-element_type=\"widget\" data-e-type=\"widget\" data-widget_type=\"heading.default\">\n\t\t\t\t<div class=\"elementor-widget-container\">\n\t\t\t\t\t<p class=\"elementor-heading-title elementor-size-default\">Submission of the paper<\/p>\t\t\t\t<\/div>\n\t\t\t\t<\/div>\n\t\t\t\t<\/div>\n\t\t<div class=\"elementor-element elementor-element-6bfbe46 e-con-full e-flex e-con e-child\" data-id=\"6bfbe46\" data-element_type=\"container\" data-e-type=\"container\" data-settings=\"{&quot;jet_parallax_layout_list&quot;:[]}\">\n\t\t<div class=\"elementor-element elementor-element-4196414 e-flex e-con-boxed e-con e-child\" data-id=\"4196414\" data-element_type=\"container\" data-e-type=\"container\" data-settings=\"{&quot;jet_parallax_layout_list&quot;:[]}\">\n\t\t\t\t\t<div class=\"e-con-inner\">\n\t\t\t\t<div class=\"elementor-element elementor-element-25de121 elementor-widget elementor-widget-text-editor\" data-id=\"25de121\" data-element_type=\"widget\" data-e-type=\"widget\" data-widget_type=\"text-editor.default\">\n\t\t\t\t<div class=\"elementor-widget-container\">\n\t\t\t\t\t\t\t\t\t<p>The prepared thesis\/engineering project is submitted by the student in electronic or hard copy to the promoter for approval.<\/p>\n<p>Before the thesis is accepted by the thesis supervisor and uploaded to the Thesis Archive System (ADF), a seminar is held, which is obligatorily attended by the thesis supervisor, reviewer and one member of the institute&#8217;s Thesis Quality Team (who is not the promoter or reviewer of the thesis in question). The purpose of the seminar is the final verification that the thesis meets all requirements (in particular, in terms of substantive correctness, respect for intellectual property rights, independence and originality) and can be accepted for defense. In the event that the work does not meet the essential requirements, the result of the seminar is a set of suggestions for the graduate to improve the indicated aspects of the work. The promoter is responsible for arranging the place and setting the date of the seminar.<\/p>\n<p>The promoter informs the student that he\/she can upload the thesis file to the ADF, according to the instructions on apd.uni.opole.pl.<\/p>\n<p>All additional practical work: project\/program\/photos\/presentations created in the form of a file are archived in the ADF as attachments to the thesis. Files marked as practical or artistic work, respectively, are omitted from the anti-plagiarism examination. Files over 1.5 GB are archived on a cd or other media and stored in the student&#8217;s file.<\/p>\n<p>The student completes in the ADF the basic information about the thesis (abstract and keywords in the original language and English, as well as in Polish if the original language is different from Polish), uploads the file with the written thesis in PDF format to the system, and submits in the system a statement about the independent preparation of the thesis at least 14 days before the scheduled date of defense.<\/p>\n<p>The student electronically fills out the personal career monitoring form for graduates of the University of Opole <a href=\"http:\/\/www.kariera.uni.opole.pl\/monitoring\">www.kariera.uni.opole.pl\/monitoring<\/a>.<\/p>\n\t\t\t\t\t\t\t\t<\/div>\n\t\t\t\t<\/div>\n\t\t\t\t\t<\/div>\n\t\t\t\t<\/div>\n\t\t\t\t<\/div>\n\t\t<div class=\"elementor-element elementor-element-444004d e-con-full e-flex e-con e-child\" data-id=\"444004d\" data-element_type=\"container\" data-e-type=\"container\" data-settings=\"{&quot;jet_parallax_layout_list&quot;:[]}\">\n\t\t\t\t<div class=\"elementor-element elementor-element-ca4237f elementor-widget elementor-widget-heading\" data-id=\"ca4237f\" data-element_type=\"widget\" data-e-type=\"widget\" data-widget_type=\"heading.default\">\n\t\t\t\t<div class=\"elementor-widget-container\">\n\t\t\t\t\t<p class=\"elementor-heading-title elementor-size-default\">Verification and evaluation of work<\/p>\t\t\t\t<\/div>\n\t\t\t\t<\/div>\n\t\t\t\t<\/div>\n\t\t<div class=\"elementor-element elementor-element-0f1e1d8 e-con-full e-flex e-con e-child\" data-id=\"0f1e1d8\" data-element_type=\"container\" data-e-type=\"container\" data-settings=\"{&quot;jet_parallax_layout_list&quot;:[]}\">\n\t\t<div class=\"elementor-element elementor-element-2651ec5 e-flex e-con-boxed e-con e-child\" data-id=\"2651ec5\" data-element_type=\"container\" data-e-type=\"container\" data-settings=\"{&quot;jet_parallax_layout_list&quot;:[]}\">\n\t\t\t\t\t<div class=\"e-con-inner\">\n\t\t\t\t<div class=\"elementor-element elementor-element-18377c6 elementor-widget elementor-widget-text-editor\" data-id=\"18377c6\" data-element_type=\"widget\" data-e-type=\"widget\" data-widget_type=\"text-editor.default\">\n\t\t\t\t<div class=\"elementor-widget-container\">\n\t\t\t\t\t\t\t\t\t<p>The promoter verifies that the information completed by the student and the uploaded work is the version previously approved by the student.<\/p>\n<p>The promoter performs the final verification in the JSA anti-plagiarism system. If, as a result of the anti-plagiarism procedure &#8211; the result of visual inspection of the similarity report &#8211; the thesis is found to be beyond doubt, then it is submitted for the further stage of the graduation procedure. If plagiarism is found in the diploma thesis, the University shall immediately initiate appropriate proceedings.<\/p>\n<p>The Promoter shall make an entry of credit for the subject \u201cdiploma seminar\u201d and\/or \u201cpreparation of diploma thesis\u201d in the protocol posted in the USOSweb system only after approval and submission of the thesis in the ADF system.<\/p>\n<p>The promoter submits a statement in the ADF system that the thesis meets the conditions for presentation in the graduation proceedings. The promoter approves the thesis in the ADF system, submits the thesis for review and informs the dean&#8217;s office that the thesis has been approved.<\/p>\n<p>Once the thesis is approved, the promoter and the reviewer complete the thesis review forms in the ADF system (in particular, inserting the thesis grades) and approve them no later than three days before the scheduled date of the diploma exam. Reviews are visible to the diploma student.<\/p>\n\t\t\t\t\t\t\t\t<\/div>\n\t\t\t\t<\/div>\n\t\t\t\t\t<\/div>\n\t\t\t\t<\/div>\n\t\t\t\t<\/div>\n\t\t<div class=\"elementor-element elementor-element-50001b6 e-con-full e-flex e-con e-child\" data-id=\"50001b6\" data-element_type=\"container\" data-e-type=\"container\" data-settings=\"{&quot;jet_parallax_layout_list&quot;:[]}\">\n\t\t\t\t<div class=\"elementor-element elementor-element-a5594c6 elementor-widget elementor-widget-heading\" data-id=\"a5594c6\" data-element_type=\"widget\" data-e-type=\"widget\" data-widget_type=\"heading.default\">\n\t\t\t\t<div class=\"elementor-widget-container\">\n\t\t\t\t\t<p class=\"elementor-heading-title elementor-size-default\">Course of the diploma exam<\/p>\t\t\t\t<\/div>\n\t\t\t\t<\/div>\n\t\t\t\t<\/div>\n\t\t<div class=\"elementor-element elementor-element-a21b206 e-con-full e-flex e-con e-child\" data-id=\"a21b206\" data-element_type=\"container\" data-e-type=\"container\" data-settings=\"{&quot;jet_parallax_layout_list&quot;:[]}\">\n\t\t<div class=\"elementor-element elementor-element-d31c2c8 e-flex e-con-boxed e-con e-child\" data-id=\"d31c2c8\" data-element_type=\"container\" data-e-type=\"container\" data-settings=\"{&quot;jet_parallax_layout_list&quot;:[]}\">\n\t\t\t\t\t<div class=\"e-con-inner\">\n\t\t\t\t<div class=\"elementor-element elementor-element-e819f4a elementor-widget elementor-widget-text-editor\" data-id=\"e819f4a\" data-element_type=\"widget\" data-e-type=\"widget\" data-widget_type=\"text-editor.default\">\n\t\t\t\t<div class=\"elementor-widget-container\">\n\t\t\t\t\t\t\t\t\t<p>Warunkiem dopuszczenia studenta do egzaminu dyplomowego jest:<br \/>\n1) spe\u0142nienie wszystkich wymaga\u0144 wynikaj\u0105cych z programu i harmonogramu studi\u00f3w;<br \/>\n2) uzyskanie pozytywnej oceny pracy dyplomowej.<\/p>\n<p>Egzamin dyplomowy odbywa si\u0119 przed komisj\u0105 powo\u0142an\u0105 przez dziekana. W sk\u0142ad komisji wchodz\u0105:<\/p>\n<p>1) przewodnicz\u0105cy \u2013 dziekan albo powo\u0142any przez dziekana nauczyciel akademicki posiadaj\u0105cy co najmniej stopie\u0144 doktora;<br \/>\n2) promotor\/promotorzy;<br \/>\n3) recenzent\/recenzenci.<\/p>\n<p>Egzamin dyplomowy przeprowadzany jest w formie ustnej.<\/p>\n<p>Na studiach o profilu praktycznym w egzaminie dyplomowym mo\u017ce uczestniczy\u0107 przedstawiciel pracodawcy w roli obserwatora.<\/p>\n<p>Na wniosek studenta lub promotora egzamin dyplomowy mo\u017ce mie\u0107 charakter otwarty. Wniosek musi by\u0107 z\u0142o\u017cony w dziekanacie co najmniej na pocz\u0105tku ostatniego semestru planowego uko\u0144czenia studi\u00f3w.<\/p>\n<p>Z przebiegu egzaminu dyplomowego sporz\u0105dza si\u0119 protok\u00f3\u0142. Wynik egzaminu dyplomowego wyra\u017ca si\u0119 skal\u0105 ocen, o kt\u00f3rej mowa w \u00a7 18 ust. 2 Regulaminu Studi\u00f3w.<\/p>\n\t\t\t\t\t\t\t\t<\/div>\n\t\t\t\t<\/div>\n\t\t\t\t\t<\/div>\n\t\t\t\t<\/div>\n\t\t\t\t<\/div>\n\t\t<div class=\"elementor-element elementor-element-b1af4c8 e-con-full e-flex e-con e-child\" data-id=\"b1af4c8\" data-element_type=\"container\" data-e-type=\"container\" data-settings=\"{&quot;jet_parallax_layout_list&quot;:[]}\">\n\t\t\t\t<\/div>\n\t\t\t\t\t<\/div>\n\t\t\t\t<\/div>\n\t\t\t\t<\/div>\n\t\t","protected":false},"excerpt":{"rendered":"<p>General information The student prepares the thesis under the guidance of a promoter of his\/her choice. The promoter of the diploma thesis is chosen by the student from among those proposed by the course coordinator, within the limit set for a specific academic teacher. The promoter of the diploma thesis may be an academic teacher [&hellip;]<\/p>\n","protected":false},"author":33,"featured_media":0,"parent":0,"menu_order":0,"comment_status":"closed","ping_status":"closed","template":"","meta":{"footnotes":""},"class_list":["post-8601","page","type-page","status-publish","hentry"],"_links":{"self":[{"href":"https:\/\/wmfi.uni.opole.pl\/en\/wp-json\/wp\/v2\/pages\/8601","targetHints":{"allow":["GET"]}}],"collection":[{"href":"https:\/\/wmfi.uni.opole.pl\/en\/wp-json\/wp\/v2\/pages"}],"about":[{"href":"https:\/\/wmfi.uni.opole.pl\/en\/wp-json\/wp\/v2\/types\/page"}],"author":[{"embeddable":true,"href":"https:\/\/wmfi.uni.opole.pl\/en\/wp-json\/wp\/v2\/users\/33"}],"replies":[{"embeddable":true,"href":"https:\/\/wmfi.uni.opole.pl\/en\/wp-json\/wp\/v2\/comments?post=8601"}],"version-history":[{"count":3,"href":"https:\/\/wmfi.uni.opole.pl\/en\/wp-json\/wp\/v2\/pages\/8601\/revisions"}],"predecessor-version":[{"id":8604,"href":"https:\/\/wmfi.uni.opole.pl\/en\/wp-json\/wp\/v2\/pages\/8601\/revisions\/8604"}],"wp:attachment":[{"href":"https:\/\/wmfi.uni.opole.pl\/en\/wp-json\/wp\/v2\/media?parent=8601"}],"curies":[{"name":"wp","href":"https:\/\/api.w.org\/{rel}","templated":true}]}}