  {"id":8563,"date":"2024-06-07T15:02:15","date_gmt":"2024-06-07T13:02:15","guid":{"rendered":"https:\/\/wmfi.uni.opole.pl\/deans-cabinet\/"},"modified":"2024-12-20T08:47:06","modified_gmt":"2024-12-20T07:47:06","slug":"deans-cabinet","status":"publish","type":"page","link":"https:\/\/wmfi.uni.opole.pl\/en\/deans_cabinet\/","title":{"rendered":"Dean&#8217;s Cabinet"},"content":{"rendered":"\t\t<div data-elementor-type=\"wp-page\" data-elementor-id=\"8563\" class=\"elementor elementor-8563 elementor-6721\" data-elementor-post-type=\"page\">\n\t\t\t\t<div class=\"elementor-element elementor-element-43b35800 e-flex e-con-boxed e-con e-parent\" data-id=\"43b35800\" data-element_type=\"container\" data-e-type=\"container\" data-settings=\"{&quot;jet_parallax_layout_list&quot;:[]}\">\n\t\t\t\t\t<div class=\"e-con-inner\">\n\t\t\t\t<div class=\"elementor-element elementor-element-68ff4ed8 elementor-widget elementor-widget-heading\" data-id=\"68ff4ed8\" data-element_type=\"widget\" data-e-type=\"widget\" data-widget_type=\"heading.default\">\n\t\t\t\t<div class=\"elementor-widget-container\">\n\t\t\t\t\t<h1 class=\"elementor-heading-title elementor-size-default\">Deans Cabinet<\/h1>\t\t\t\t<\/div>\n\t\t\t\t<\/div>\n\t\t\t\t\t<\/div>\n\t\t\t\t<\/div>\n\t\t<div class=\"elementor-element elementor-element-5e47a930 e-flex e-con-boxed e-con e-parent\" data-id=\"5e47a930\" data-element_type=\"container\" data-e-type=\"container\" data-settings=\"{&quot;jet_parallax_layout_list&quot;:[]}\">\n\t\t\t\t\t<div class=\"e-con-inner\">\n\t\t\t\t<div class=\"elementor-element elementor-element-5c1376e9 elementor-widget elementor-widget-heading\" data-id=\"5c1376e9\" data-element_type=\"widget\" data-e-type=\"widget\" data-widget_type=\"heading.default\">\n\t\t\t\t<div class=\"elementor-widget-container\">\n\t\t\t\t\t<p class=\"elementor-heading-title elementor-size-default\">Composition of the Dean's Cabinet for the term 2024-2028<\/p>\t\t\t\t<\/div>\n\t\t\t\t<\/div>\n\t\t\t\t\t<\/div>\n\t\t\t\t<\/div>\n\t\t<div class=\"elementor-element elementor-element-6b67aa0f e-flex e-con-boxed e-con e-parent\" data-id=\"6b67aa0f\" data-element_type=\"container\" data-e-type=\"container\" data-settings=\"{&quot;jet_parallax_layout_list&quot;:[]}\">\n\t\t\t\t\t<div class=\"e-con-inner\">\n\t\t<div class=\"elementor-element elementor-element-158960dd e-flex e-con-boxed e-con e-child\" data-id=\"158960dd\" data-element_type=\"container\" data-e-type=\"container\" data-settings=\"{&quot;jet_parallax_layout_list&quot;:[]}\">\n\t\t\t\t\t<div class=\"e-con-inner\">\n\t\t\t\t<div class=\"elementor-element elementor-element-e9c4d16 elementor-widget elementor-widget-text-editor\" data-id=\"e9c4d16\" data-element_type=\"widget\" data-e-type=\"widget\" data-widget_type=\"text-editor.default\">\n\t\t\t\t<div class=\"elementor-widget-container\">\n\t\t\t\t\t\t\t\t\t<p><strong>Piotr Urbaniec Ph.D.<\/strong><br \/>\nDean<\/p>\n<p><strong>Zbigniew Bonikowski, Ph.D.<\/strong><br \/>\nDeputy Dean<br \/>\nCoordinator of the computer science with an all-academic profile major<\/p>\n<p><strong>Jacek Iwa\u0144ski, Ph.D.<\/strong><br \/>\nCoordinator of the computer science with a practical profile major<\/p>\n<p><strong>W\u0142adys\u0142aw Makuchowski, M.Sc.<\/strong><br \/>\nCoordinator of Mathematics major<\/p>\n<p><strong>Agnieszka Bartecka, Ph.D.<\/strong><br \/>\nCoordinator of the Eyeglass Optics with Elements of Optometry and Optometry major<\/p>\n\t\t\t\t\t\t\t\t<\/div>\n\t\t\t\t<\/div>\n\t\t\t\t\t<\/div>\n\t\t\t\t<\/div>\n\t\t\t\t\t<\/div>\n\t\t\t\t<\/div>\n\t\t<div class=\"elementor-element elementor-element-27f54f12 e-flex e-con-boxed e-con e-parent\" data-id=\"27f54f12\" data-element_type=\"container\" data-e-type=\"container\" data-settings=\"{&quot;jet_parallax_layout_list&quot;:[]}\">\n\t\t\t\t\t<div class=\"e-con-inner\">\n\t\t\t\t\t<\/div>\n\t\t\t\t<\/div>\n\t\t\t\t<\/div>\n\t\t","protected":false},"excerpt":{"rendered":"<p>Deans Cabinet Composition of the Dean&#8217;s Cabinet for the term 2024-2028 Piotr Urbaniec Ph.D. Dean Zbigniew Bonikowski, Ph.D. Deputy Dean Coordinator of the computer science with an all-academic profile major Jacek Iwa\u0144ski, Ph.D. Coordinator of the computer science with a practical profile major W\u0142adys\u0142aw Makuchowski, M.Sc. Coordinator of Mathematics major Agnieszka Bartecka, Ph.D. Coordinator of [&hellip;]<\/p>\n","protected":false},"author":5,"featured_media":0,"parent":0,"menu_order":0,"comment_status":"closed","ping_status":"closed","template":"","meta":{"footnotes":""},"class_list":["post-8563","page","type-page","status-publish","hentry"],"_links":{"self":[{"href":"https:\/\/wmfi.uni.opole.pl\/en\/wp-json\/wp\/v2\/pages\/8563","targetHints":{"allow":["GET"]}}],"collection":[{"href":"https:\/\/wmfi.uni.opole.pl\/en\/wp-json\/wp\/v2\/pages"}],"about":[{"href":"https:\/\/wmfi.uni.opole.pl\/en\/wp-json\/wp\/v2\/types\/page"}],"author":[{"embeddable":true,"href":"https:\/\/wmfi.uni.opole.pl\/en\/wp-json\/wp\/v2\/users\/5"}],"replies":[{"embeddable":true,"href":"https:\/\/wmfi.uni.opole.pl\/en\/wp-json\/wp\/v2\/comments?post=8563"}],"version-history":[{"count":1,"href":"https:\/\/wmfi.uni.opole.pl\/en\/wp-json\/wp\/v2\/pages\/8563\/revisions"}],"predecessor-version":[{"id":8564,"href":"https:\/\/wmfi.uni.opole.pl\/en\/wp-json\/wp\/v2\/pages\/8563\/revisions\/8564"}],"wp:attachment":[{"href":"https:\/\/wmfi.uni.opole.pl\/en\/wp-json\/wp\/v2\/media?parent=8563"}],"curies":[{"name":"wp","href":"https:\/\/api.w.org\/{rel}","templated":true}]}}